{"id":99,"date":"2025-03-06T18:09:58","date_gmt":"2025-03-06T18:09:58","guid":{"rendered":"https:\/\/edigourmetspice.com\/?post_type=product&#038;p=99"},"modified":"2026-04-15T19:57:04","modified_gmt":"2026-04-15T19:57:04","slug":"aleppo-pepper","status":"publish","type":"product","link":"https:\/\/edigourmetspice.com\/fr\/aleppo-pepper\/","title":{"rendered":"Poivre d&#039;Alep (Pul Biber)"},"content":{"rendered":"<h3 data-start=\"573\" data-end=\"629\">Chaleur fruit\u00e9e du c\u0153ur de la cuisine du Moyen-Orient<\/h3>\n<p data-start=\"631\" data-end=\"900\">Poivre d&#039;Alep, \u00e9galement connu sous le nom de <em data-start=\"660\" data-end=\"671\">Pul Biber<\/em> ou <em data-start=\"675\" data-end=\"690\">Poivron Halaby<\/em>, est un poivron rouge l\u00e9g\u00e8rement piquant, r\u00e9put\u00e9 pour son <strong data-start=\"740\" data-end=\"794\">saveur fruit\u00e9e, douce chaleur et subtile douceur<\/strong>. Contrairement aux flocons de piment forts, le poivre d&#039;Alep d\u00e9veloppe sa chaleur lentement, ajoutant de la profondeur sans dominer le plat.<\/p>\n<p data-start=\"902\" data-end=\"1055\">Cela en fait une \u00e9pice incontournable de la cuisine du Moyen-Orient, de Turquie et de M\u00e9diterran\u00e9e, et un ingr\u00e9dient de choix au quotidien pour les cuisiniers qui privil\u00e9gient la saveur au piquant.<\/p>\n<hr data-start=\"1057\" data-end=\"1060\" \/>\n<h3 data-start=\"1062\" data-end=\"1101\">Quel est le go\u00fbt du poivre d&#039;Alep ?<\/h3>\n<p data-start=\"1103\" data-end=\"1153\">Le poivre d&#039;Alep a une <strong data-start=\"1123\" data-end=\"1147\">saveur riche et ronde<\/strong> avec:<\/p>\n<ul data-start=\"1154\" data-end=\"1272\">\n<li data-start=\"1154\" data-end=\"1213\">\n<p data-start=\"1156\" data-end=\"1213\">Chaleur douce \u00e0 moyenne (environ 10 000 unit\u00e9s Scoville)<\/p>\n<\/li>\n<li data-start=\"1214\" data-end=\"1231\">\n<p data-start=\"1216\" data-end=\"1231\">l\u00e9g\u00e8re douceur<\/p>\n<\/li>\n<li data-start=\"1232\" data-end=\"1272\">\n<p data-start=\"1234\" data-end=\"1272\">Notes l\u00e9g\u00e8rement fum\u00e9es et poivr\u00e9es, rappelant le poivre s\u00e9ch\u00e9 au soleil.<\/p>\n<\/li>\n<\/ul>\n<p data-start=\"1274\" data-end=\"1362\">Il est beaucoup moins agressif que les flocons de piment rouge concass\u00e9s et plus aromatique que le paprika.<\/p>\n<hr data-start=\"1364\" data-end=\"1367\" \/>\n<h3 data-start=\"1369\" data-end=\"1391\">Pourquoi vous allez l&#039;adorer<\/h3>\n<p data-start=\"1393\" data-end=\"1486\"><strong data-start=\"1393\" data-end=\"1419\">\ud83c\udf36 Chaleur douce et \u00e9quilibr\u00e9e<\/strong><br data-start=\"1419\" data-end=\"1422\" \/>Apporte de la chaleur sans br\u00fbler le palais. Id\u00e9al pour la cuisine de tous les jours.<\/p>\n<p data-start=\"1488\" data-end=\"1573\"><strong data-start=\"1488\" data-end=\"1514\">\ud83c\udf45 Saveur profonde et savoureuse<\/strong><br data-start=\"1514\" data-end=\"1517\" \/>Il rehausse les plats en leur apportant de la complexit\u00e9 plut\u00f4t que des \u00e9pices fortes.<\/p>\n<p data-start=\"1575\" data-end=\"1679\"><strong data-start=\"1575\" data-end=\"1598\">\ud83c\udf3f Simple et naturel<\/strong><br data-start=\"1598\" data-end=\"1601\" \/>Fabriqu\u00e9 \u00e0 partir de piments d&#039;Alep s\u00e9ch\u00e9s au soleil, avec un minimum de sel et d&#039;huile pour la conservation.<\/p>\n<p data-start=\"1681\" data-end=\"1802\"><strong data-start=\"1681\" data-end=\"1715\">\ud83d\udce6 Emballage ax\u00e9 sur la fra\u00eecheur<\/strong><br data-start=\"1715\" data-end=\"1718\" \/>Conditionn\u00e9 dans un sachet kraft refermable de qualit\u00e9 alimentaire pour pr\u00e9server la couleur, l&#039;ar\u00f4me et la saveur.<\/p>\n<hr data-start=\"1804\" data-end=\"1807\" \/>\n<h3 data-start=\"1809\" data-end=\"1837\">Comment utiliser le poivre d&#039;Alep<\/h3>\n<p data-start=\"1839\" data-end=\"1876\">Le poivre d&#039;Alep est extr\u00eamement polyvalent\u00a0:<\/p>\n<ul data-start=\"1878\" data-end=\"2101\">\n<li data-start=\"1878\" data-end=\"1938\">\n<p data-start=\"1880\" data-end=\"1938\">Saupoudrer sur les viandes grill\u00e9es, le poisson ou les l\u00e9gumes r\u00f4tis<\/p>\n<\/li>\n<li data-start=\"1939\" data-end=\"1988\">\n<p data-start=\"1941\" data-end=\"1988\">Incorporer aux sauces houmous, muhammara ou yaourt.<\/p>\n<\/li>\n<li data-start=\"1989\" data-end=\"2042\">\n<p data-start=\"1991\" data-end=\"2042\">Terminez les \u0153ufs, les toasts \u00e0 l&#039;avocat, les salades ou les pains plats.<\/p>\n<\/li>\n<li data-start=\"2043\" data-end=\"2101\">\n<p data-start=\"2045\" data-end=\"2101\">\u00c0 utiliser comme alternative plus douce aux flocons de piment rouge broy\u00e9s.<\/p>\n<\/li>\n<\/ul>\n<p data-start=\"2103\" data-end=\"2159\">Elle excelle \u00e0 la fois comme \u00e9pice de cuisine et comme touche finale.<\/p>\n<hr data-start=\"2161\" data-end=\"2164\" \/>\n<h3 data-start=\"2166\" data-end=\"2181\">Ingr\u00e9dients<\/h3>\n<p data-start=\"2183\" data-end=\"2246\">Poivrons d&#039;Alep s\u00e9ch\u00e9s au soleil, sel en quantit\u00e9 minimale, huile (pour la conservation).<\/p>\n<hr data-start=\"2248\" data-end=\"2251\" \/>\n<h3 data-start=\"2253\" data-end=\"2277\">Une \u00e9pice charg\u00e9e d&#039;histoire<\/h3>\n<p data-start=\"2279\" data-end=\"2530\">Tirant son nom de l&#039;ancienne ville d&#039;Alep, ce poivre est utilis\u00e9 depuis des si\u00e8cles le long des routes commerciales historiques reliant le Moyen-Orient et la M\u00e9diterran\u00e9e. Aujourd&#039;hui, il demeure un ingr\u00e9dient incontournable de la cuisine r\u00e9gionale et un favori des chefs du monde entier.<\/p>\n<p data-start=\"2653\" data-end=\"2672\">","protected":false},"excerpt":{"rendered":"<p>Flocons de piment d&#039;Alep fruit\u00e9s et l\u00e9g\u00e8rement piquants, \u00e0 la saveur douce et subtilement sucr\u00e9e. Fabriqu\u00e9s \u00e0 partir de piments d&#039;Alep s\u00e9ch\u00e9s au soleil. Parfaits pour les brochettes, les viandes grill\u00e9es, les salades, les \u0153ufs et les plats du Moyen-Orient.<\/p>","protected":false},"featured_media":100,"comment_status":"open","ping_status":"closed","template":"","meta":[],"product_brand":[25],"product_cat":[43],"product_tag":[37],"class_list":{"0":"post-99","1":"product","2":"type-product","3":"status-publish","4":"has-post-thumbnail","6":"product_brand-edi-gourmet-spice","7":"product_cat-spice","8":"product_tag-aleppo-pepper","10":"first","11":"instock","12":"taxable","13":"shipping-taxable","14":"purchasable","15":"product-type-simple"},"_links":{"self":[{"href":"https:\/\/edigourmetspice.com\/fr\/wp-json\/wp\/v2\/product\/99","targetHints":{"allow":["GET"]}}],"collection":[{"href":"https:\/\/edigourmetspice.com\/fr\/wp-json\/wp\/v2\/product"}],"about":[{"href":"https:\/\/edigourmetspice.com\/fr\/wp-json\/wp\/v2\/types\/product"}],"replies":[{"embeddable":true,"href":"https:\/\/edigourmetspice.com\/fr\/wp-json\/wp\/v2\/comments?post=99"}],"wp:featuredmedia":[{"embeddable":true,"href":"https:\/\/edigourmetspice.com\/fr\/wp-json\/wp\/v2\/media\/100"}],"wp:attachment":[{"href":"https:\/\/edigourmetspice.com\/fr\/wp-json\/wp\/v2\/media?parent=99"}],"wp:term":[{"taxonomy":"product_brand","embeddable":true,"href":"https:\/\/edigourmetspice.com\/fr\/wp-json\/wp\/v2\/product_brand?post=99"},{"taxonomy":"product_cat","embeddable":true,"href":"https:\/\/edigourmetspice.com\/fr\/wp-json\/wp\/v2\/product_cat?post=99"},{"taxonomy":"product_tag","embeddable":true,"href":"https:\/\/edigourmetspice.com\/fr\/wp-json\/wp\/v2\/product_tag?post=99"}],"curies":[{"name":"wp","href":"https:\/\/api.w.org\/{rel}","templated":true}]}}