{"id":469,"date":"2026-02-03T18:17:46","date_gmt":"2026-02-03T18:17:46","guid":{"rendered":"https:\/\/edigourmetspice.com\/?post_type=product&#038;p=469"},"modified":"2026-02-03T18:58:04","modified_gmt":"2026-02-03T18:58:04","slug":"urfa-pepper","status":"publish","type":"product","link":"https:\/\/edigourmetspice.com\/fr\/urfa-pepper\/","title":{"rendered":"Poivre d&#039;Urfa (Isot) \u2013 Flocons de piment turc fum\u00e9s et doux"},"content":{"rendered":"<p data-start=\"506\" data-end=\"777\">Poivre d&#039;Urfa, \u00e9galement connu sous le nom de <strong data-start=\"533\" data-end=\"548\">Poivre isot<\/strong>, Le poivre d&#039;Urfa est un piment turc traditionnel originaire de la r\u00e9gion de \u015eanl\u0131urfa, dans le sud-est de la Turquie. Contrairement aux flocons de piment forts ou agressifs, le poivre d&#039;Urfa offre une saveur piquante et intense. <strong data-start=\"695\" data-end=\"718\">chaleur lente et douce<\/strong> avec un caract\u00e8re profond et fum\u00e9 et une subtile douceur naturelle.<\/p>\n<p data-start=\"779\" data-end=\"997\">Soigneusement s\u00e9ch\u00e9es au soleil et affin\u00e9es selon des m\u00e9thodes traditionnelles, ces paillettes fonc\u00e9es et l\u00e9g\u00e8rement huileuses d\u00e9veloppent un ar\u00f4me riche et une saveur complexe qui font du poivre d&#039;Urfa une \u00e9pice de finition tr\u00e8s appr\u00e9ci\u00e9e dans la cuisine turque et du Moyen-Orient.<\/p>\n<hr data-start=\"999\" data-end=\"1002\" \/>\n<h2 data-start=\"1004\" data-end=\"1040\">Qu&#039;est-ce qui rend le poivre d&#039;Urfa diff\u00e9rent ?<\/h2>\n<ul data-start=\"1042\" data-end=\"1288\">\n<li data-start=\"1042\" data-end=\"1101\">\n<p data-start=\"1044\" data-end=\"1101\"><strong data-start=\"1044\" data-end=\"1057\">Chaleur douce<\/strong> qui se construit progressivement, sans jamais devenir envahissante<\/p>\n<\/li>\n<li data-start=\"1102\" data-end=\"1166\">\n<p data-start=\"1104\" data-end=\"1166\"><strong data-start=\"1104\" data-end=\"1128\">Saveur fum\u00e9e et terreuse<\/strong> avec des notes de fruits secs et de cacao<\/p>\n<\/li>\n<li data-start=\"1167\" data-end=\"1227\">\n<p data-start=\"1169\" data-end=\"1227\"><strong data-start=\"1169\" data-end=\"1192\">Couleur bordeaux fonc\u00e9<\/strong> du s\u00e9chage lent au soleil et du repos<\/p>\n<\/li>\n<li data-start=\"1228\" data-end=\"1288\">\n<p data-start=\"1230\" data-end=\"1288\"><strong data-start=\"1230\" data-end=\"1254\">Texture l\u00e9g\u00e8rement huileuse<\/strong> qui adh\u00e8re magnifiquement aux aliments<\/p>\n<\/li>\n<\/ul>\n<p data-start=\"1290\" data-end=\"1375\">Le poivre d&#039;Urfa n&#039;est pas une question de piquant pour le simple plaisir de piquant \u2014 il s&#039;agit de profondeur, d&#039;\u00e9quilibre et de chaleur.<\/p>\n<hr data-start=\"1377\" data-end=\"1380\" \/>\n<h2 data-start=\"1382\" data-end=\"1411\">Aper\u00e7u du profil aromatique<\/h2>\n<ul data-start=\"1413\" data-end=\"1603\">\n<li data-start=\"1413\" data-end=\"1468\">\n<p data-start=\"1415\" data-end=\"1468\"><strong data-start=\"1415\" data-end=\"1424\">Chaleur:<\/strong> Doux \u00e0 moyen (chaleur douce et persistante)<\/p>\n<\/li>\n<li data-start=\"1469\" data-end=\"1512\">\n<p data-start=\"1471\" data-end=\"1512\"><strong data-start=\"1471\" data-end=\"1482\">Saveur:<\/strong> Fum\u00e9, terreux, subtilement sucr\u00e9<\/p>\n<\/li>\n<li data-start=\"1513\" data-end=\"1558\">\n<p data-start=\"1515\" data-end=\"1558\"><strong data-start=\"1515\" data-end=\"1525\">Ar\u00f4me:<\/strong> Chaud, grill\u00e9, l\u00e9g\u00e8rement fruit\u00e9<\/p>\n<\/li>\n<li data-start=\"1559\" data-end=\"1603\">\n<p data-start=\"1561\" data-end=\"1603\"><strong data-start=\"1561\" data-end=\"1572\">Finition:<\/strong> Doux, rond et persistant<\/p>\n<\/li>\n<\/ul>\n<p data-start=\"1605\" data-end=\"1670\">Parfait pour les plats o\u00f9 l&#039;on recherche de la complexit\u00e9 sans \u00e9pices trop prononc\u00e9es.<\/p>\n<hr data-start=\"1672\" data-end=\"1675\" \/>\n<h2 data-start=\"1677\" data-end=\"1702\">Comment utiliser le poivre d&#039;Urfa<\/h2>\n<p data-start=\"1704\" data-end=\"1801\">Urfa Pepper brille comme un <strong data-start=\"1728\" data-end=\"1747\">\u00e9pice finale<\/strong> et dans des pr\u00e9parations simples o\u00f9 son ar\u00f4me peut s&#039;\u00e9panouir.<\/p>\n<p data-start=\"1803\" data-end=\"1817\"><strong data-start=\"1803\" data-end=\"1817\">Essayez-le :<\/strong><\/p>\n<ul data-start=\"1818\" data-end=\"2054\">\n<li data-start=\"1818\" data-end=\"1855\">\n<p data-start=\"1820\" data-end=\"1855\">\u0152ufs, omelettes et \u0153ufs brouill\u00e9s<\/p>\n<\/li>\n<li data-start=\"1856\" data-end=\"1892\">\n<p data-start=\"1858\" data-end=\"1892\">Yaourt, labneh, houmous et sauces<\/p>\n<\/li>\n<li data-start=\"1893\" data-end=\"1921\">\n<p data-start=\"1895\" data-end=\"1921\">Viandes grill\u00e9es ou r\u00f4ties<\/p>\n<\/li>\n<li data-start=\"1922\" data-end=\"1957\">\n<p data-start=\"1924\" data-end=\"1957\">L\u00e9gumes et pommes de terre r\u00f4tis<\/p>\n<\/li>\n<li data-start=\"1958\" data-end=\"1991\">\n<p data-start=\"1960\" data-end=\"1991\">Bols de riz, de boulgour et de c\u00e9r\u00e9ales<\/p>\n<\/li>\n<li data-start=\"1992\" data-end=\"2016\">\n<p data-start=\"1994\" data-end=\"2016\">Pains plats et pizzas<\/p>\n<\/li>\n<li data-start=\"2017\" data-end=\"2054\">\n<p data-start=\"2019\" data-end=\"2054\">Huile d&#039;olive ou beurre pour arroser<\/p>\n<\/li>\n<\/ul>\n<p data-start=\"2056\" data-end=\"2178\">\ud83d\udca1 <em data-start=\"2059\" data-end=\"2069\">Conseil de pro :<\/em> Saupoudrez de poivre d&#039;Urfa en fin de cuisson ou juste avant de servir pour pr\u00e9server son ar\u00f4me et ses notes fum\u00e9es.<\/p>\n<hr data-start=\"2180\" data-end=\"2183\" \/>\n<h2 data-start=\"2185\" data-end=\"2229\">Origine authentique et transformation traditionnelle<\/h2>\n<ul data-start=\"2231\" data-end=\"2395\">\n<li data-start=\"2231\" data-end=\"2254\">\n<p data-start=\"2233\" data-end=\"2254\"><strong data-start=\"2233\" data-end=\"2254\">Produit de Turquie<\/strong><\/p>\n<\/li>\n<li data-start=\"2255\" data-end=\"2295\">\n<p data-start=\"2257\" data-end=\"2295\">Traditionnellement <strong data-start=\"2271\" data-end=\"2295\">s\u00e9ch\u00e9 au soleil et repos\u00e9<\/strong><\/p>\n<\/li>\n<li data-start=\"2296\" data-end=\"2337\">\n<p data-start=\"2298\" data-end=\"2337\">Sans additifs, agents de remplissage ni conservateurs<\/p>\n<\/li>\n<li data-start=\"2338\" data-end=\"2395\">\n<p data-start=\"2340\" data-end=\"2395\">Trait\u00e9 pour obtenir sa couleur fonc\u00e9e et sa profondeur caract\u00e9ristiques.<\/p>\n<\/li>\n<\/ul>\n<p data-start=\"2397\" data-end=\"2518\">C\u2019est cette m\u00e9thode traditionnelle qui conf\u00e8re au poivre d\u2019Urfa sa saveur unique, que vous ne retrouverez pas dans les flocons de piment classiques.<\/p>\n<hr data-start=\"2520\" data-end=\"2523\" \/>\n<h2 data-start=\"2525\" data-end=\"2539\">Ingr\u00e9dients<\/h2>\n<p data-start=\"2541\" data-end=\"2581\"><strong data-start=\"2541\" data-end=\"2581\">100% Poivre d&#039;Urfa (Flocons de piment isot)<\/strong><\/p>\n<hr data-start=\"2583\" data-end=\"2586\" \/>\n<h2 data-start=\"2588\" data-end=\"2619\">Attributs di\u00e9t\u00e9tiques et de qualit\u00e9<\/h2>\n<ul data-start=\"2621\" data-end=\"2722\">\n<li data-start=\"2621\" data-end=\"2637\">\n<p data-start=\"2623\" data-end=\"2637\">100% Naturel<\/p>\n<\/li>\n<li data-start=\"2638\" data-end=\"2647\">\n<p data-start=\"2640\" data-end=\"2647\">V\u00e9gan<\/p>\n<\/li>\n<li data-start=\"2648\" data-end=\"2663\">\n<p data-start=\"2650\" data-end=\"2663\">Sans gluten<\/p>\n<\/li>\n<li data-start=\"2664\" data-end=\"2680\">\n<p data-start=\"2666\" data-end=\"2680\">Sans lactose<\/p>\n<\/li>\n<li data-start=\"2681\" data-end=\"2722\">\n<p data-start=\"2683\" data-end=\"2722\">Sans colorants ni conservateurs artificiels<\/p>\n<\/li>\n<\/ul>\n<hr data-start=\"2724\" data-end=\"2727\" \/>\n<h2 data-start=\"2729\" data-end=\"2751\">Emballage et stockage<\/h2>\n<ul data-start=\"2753\" data-end=\"2887\">\n<li data-start=\"2753\" data-end=\"2811\">\n<p data-start=\"2755\" data-end=\"2811\">Emball\u00e9 dans un <strong data-start=\"2767\" data-end=\"2787\">sachet refermable<\/strong> pour pr\u00e9server la fra\u00eecheur<\/p>\n<\/li>\n<li data-start=\"2812\" data-end=\"2852\">\n<p data-start=\"2814\" data-end=\"2852\">Conserver dans un <strong data-start=\"2825\" data-end=\"2850\">endroit frais, sombre et sec<\/strong><\/p>\n<\/li>\n<li data-start=\"2853\" data-end=\"2887\">\n<p data-start=\"2855\" data-end=\"2887\">\u00c9vitez l&#039;exposition directe au soleil et \u00e0 la chaleur.<\/p>\n<\/li>\n<\/ul>\n<hr data-start=\"2889\" data-end=\"2892\" \/>\n<h2 data-start=\"2894\" data-end=\"2925\">Poivre d&#039;Urfa contre poivre d&#039;Alep<\/h2>\n<div class=\"TyagGW_tableContainer\">\n<div class=\"group TyagGW_tableWrapper flex flex-col-reverse w-fit\" tabindex=\"-1\">\n<table class=\"w-fit min-w-(--thread-content-width)\" data-start=\"2927\" data-end=\"3240\">\n<thead data-start=\"2927\" data-end=\"2968\">\n<tr data-start=\"2927\" data-end=\"2968\">\n<th data-start=\"2927\" data-end=\"2937\" data-col-size=\"sm\">Fonctionnalit\u00e9<\/th>\n<th data-start=\"2937\" data-end=\"2951\" data-col-size=\"sm\">Poivre d&#039;Urfa<\/th>\n<th data-start=\"2951\" data-end=\"2968\" data-col-size=\"sm\">poivre d&#039;Alep<\/th>\n<\/tr>\n<\/thead>\n<tbody data-start=\"3007\" data-end=\"3240\">\n<tr data-start=\"3007\" data-end=\"3036\">\n<td data-start=\"3007\" data-end=\"3014\" data-col-size=\"sm\">Chaleur<\/td>\n<td data-start=\"3014\" data-end=\"3028\" data-col-size=\"sm\">L\u00e9ger \u00e0 mod\u00e9r\u00e9<\/td>\n<td data-start=\"3028\" data-end=\"3036\" data-col-size=\"sm\">B\u00e9nin<\/td>\n<\/tr>\n<tr data-start=\"3037\" data-end=\"3101\">\n<td data-start=\"3037\" data-end=\"3046\" data-col-size=\"sm\">Saveur<\/td>\n<td data-start=\"3046\" data-end=\"3076\" data-col-size=\"sm\">Fum\u00e9, terreux, subtilement sucr\u00e9<\/td>\n<td data-start=\"3076\" data-end=\"3101\" data-col-size=\"sm\">Vif, fruit\u00e9, acidul\u00e9<\/td>\n<\/tr>\n<tr data-start=\"3102\" data-end=\"3141\">\n<td data-start=\"3102\" data-end=\"3110\" data-col-size=\"sm\">Couleur<\/td>\n<td data-start=\"3110\" data-end=\"3126\" data-col-size=\"sm\">bordeaux fonc\u00e9<\/td>\n<td data-start=\"3126\" data-end=\"3141\" data-col-size=\"sm\">Rouge \u00e9clatant<\/td>\n<\/tr>\n<tr data-start=\"3142\" data-end=\"3188\">\n<td data-start=\"3142\" data-end=\"3152\" data-col-size=\"sm\">Utilisation optimale<\/td>\n<td data-start=\"3152\" data-end=\"3174\" data-col-size=\"sm\">Profondeur et chaleur<\/td>\n<td data-start=\"3174\" data-end=\"3188\" data-col-size=\"sm\">Fra\u00eecheur et \u00e9quilibre<\/td>\n<\/tr>\n<tr data-start=\"3189\" data-end=\"3240\">\n<td data-start=\"3189\" data-end=\"3200\" data-col-size=\"sm\"><\/td>\n<td data-start=\"3200\" data-end=\"3217\" data-col-size=\"sm\"><\/td>\n<td data-start=\"3217\" data-end=\"3240\" data-col-size=\"sm\"><\/td>\n<\/tr>\n<\/tbody>\n<\/table>\n<\/div>\n<\/div>\n<p data-start=\"3242\" data-end=\"3306\">De nombreux cuisiniers conservent <strong data-start=\"3258\" data-end=\"3266\">les deux<\/strong>Alep pour la luminosit\u00e9, Urfa pour la profondeur.<\/p>\n<hr data-start=\"3308\" data-end=\"3311\" \/>\n<h2 data-start=\"3313\" data-end=\"3357\">Pourquoi choisir le poivre d&#039;Urfa d&#039;Edi Gourmet Spice ?<\/h2>\n<ul data-start=\"3359\" data-end=\"3567\">\n<li data-start=\"3359\" data-end=\"3392\">\n<p data-start=\"3361\" data-end=\"3392\">Soigneusement s\u00e9lectionn\u00e9 en Turquie<\/p>\n<\/li>\n<li data-start=\"3393\" data-end=\"3435\">\n<p data-start=\"3395\" data-end=\"3435\">Approvisionnement en ingr\u00e9dients propre et transparent<\/p>\n<\/li>\n<li data-start=\"3436\" data-end=\"3485\">\n<p data-start=\"3438\" data-end=\"3485\">Une saveur \u00e9quilibr\u00e9e con\u00e7ue pour la cuisine de tous les jours<\/p>\n<\/li>\n<li data-start=\"3486\" data-end=\"3523\">\n<p data-start=\"3488\" data-end=\"3523\">Taille et qualit\u00e9 des flocons constantes<\/p>\n<\/li>\n<li data-start=\"3524\" data-end=\"3567\">\n<p data-start=\"3526\" data-end=\"3567\">S\u00e9lectionn\u00e9s pour leur ar\u00f4me, et pas seulement pour leur apparence<\/p>\n<\/li>\n<\/ul>\n<p data-start=\"3569\" data-end=\"3628\">Voici le poivre d&#039;Urfa, cens\u00e9 \u00eatre <strong data-start=\"3601\" data-end=\"3609\">utilis\u00e9<\/strong>, et pas seulement admir\u00e9es.<\/p>","protected":false},"excerpt":{"rendered":"<p>Le piment d&#039;Urfa (Isot) est un piment turc s\u00e9ch\u00e9 au soleil, traditionnellement s\u00e9ch\u00e9 en flocons. Il offre une saveur fum\u00e9e et l\u00e9g\u00e8rement piquante, ainsi qu&#039;une subtile douceur naturelle. Ses flocons fonc\u00e9s et l\u00e9g\u00e8rement huileux rehaussent la saveur des \u0153ufs, des yaourts, des l\u00e9gumes r\u00f4tis, des viandes et des plats m\u00e9diterran\u00e9ens, tout en leur apportant une chaleur agr\u00e9able sans les dominer.<\/p>","protected":false},"featured_media":473,"comment_status":"open","ping_status":"closed","template":"","meta":[],"product_brand":[25],"product_cat":[43],"product_tag":[62],"class_list":{"0":"post-469","1":"product","2":"type-product","3":"status-publish","4":"has-post-thumbnail","6":"product_brand-edi-gourmet-spice","7":"product_cat-spice","8":"product_tag-urfa-pepper","10":"first","11":"instock","12":"taxable","13":"shipping-taxable","14":"purchasable","15":"product-type-simple"},"_links":{"self":[{"href":"https:\/\/edigourmetspice.com\/fr\/wp-json\/wp\/v2\/product\/469","targetHints":{"allow":["GET"]}}],"collection":[{"href":"https:\/\/edigourmetspice.com\/fr\/wp-json\/wp\/v2\/product"}],"about":[{"href":"https:\/\/edigourmetspice.com\/fr\/wp-json\/wp\/v2\/types\/product"}],"replies":[{"embeddable":true,"href":"https:\/\/edigourmetspice.com\/fr\/wp-json\/wp\/v2\/comments?post=469"}],"wp:featuredmedia":[{"embeddable":true,"href":"https:\/\/edigourmetspice.com\/fr\/wp-json\/wp\/v2\/media\/473"}],"wp:attachment":[{"href":"https:\/\/edigourmetspice.com\/fr\/wp-json\/wp\/v2\/media?parent=469"}],"wp:term":[{"taxonomy":"product_brand","embeddable":true,"href":"https:\/\/edigourmetspice.com\/fr\/wp-json\/wp\/v2\/product_brand?post=469"},{"taxonomy":"product_cat","embeddable":true,"href":"https:\/\/edigourmetspice.com\/fr\/wp-json\/wp\/v2\/product_cat?post=469"},{"taxonomy":"product_tag","embeddable":true,"href":"https:\/\/edigourmetspice.com\/fr\/wp-json\/wp\/v2\/product_tag?post=469"}],"curies":[{"name":"wp","href":"https:\/\/api.w.org\/{rel}","templated":true}]}}