{"id":343,"date":"2025-06-25T19:01:40","date_gmt":"2025-06-25T19:01:40","guid":{"rendered":"https:\/\/edigourmetspice.com\/?post_type=product&#038;p=343"},"modified":"2026-04-07T23:17:03","modified_gmt":"2026-04-07T23:17:03","slug":"pumpkin-pie-spice-blend","status":"publish","type":"product","link":"https:\/\/edigourmetspice.com\/fr\/pumpkin-pie-spice-blend\/","title":{"rendered":"M\u00e9lange d&#039;\u00e9pices pour tarte \u00e0 la citrouille"},"content":{"rendered":"<p data-start=\"381\" data-end=\"550\">Pr\u00e9parez-vous \u00e0 pimenter votre automne (et toutes les autres saisons !) avec notre <strong data-start=\"448\" data-end=\"475\">M\u00e9lange d&#039;\u00e9pices pour tarte \u00e0 la citrouille<\/strong> \u2013 un m\u00e9lange classique et chaleureux qui capture le go\u00fbt de l\u2019automne dans chaque pinc\u00e9e.<\/p>\n<p data-start=\"552\" data-end=\"729\">\ud83c\udf83 <strong data-start=\"555\" data-end=\"581\">Saveur classique d&#039;automne :<\/strong><br data-start=\"581\" data-end=\"584\" \/>Un m\u00e9lange parfaitement \u00e9quilibr\u00e9 de cannelle, de gingembre, de muscade, de clous de girofle et de piment de la Jama\u00efque apporte cet ar\u00f4me et ce go\u00fbt incomparables d&#039;\u00e9pices de citrouille \u00e0 chaque recette.<\/p>\n<p data-start=\"731\" data-end=\"863\">\u2615 <strong data-start=\"733\" data-end=\"751\">Utilisation polyvalente :<\/strong><br data-start=\"751\" data-end=\"754\" \/>Id\u00e9al pour la p\u00e2tisserie, les boissons au caf\u00e9, les flocons d&#039;avoine, les cr\u00eapes, les smoothies et plus encore : profitez du go\u00fbt chaud de l&#039;automne \u00e0 tout moment.<\/p>\n<p data-start=\"865\" data-end=\"990\">\ud83c\udf31 <strong data-start=\"868\" data-end=\"897\">Ingr\u00e9dients naturels 100% :<\/strong><br data-start=\"897\" data-end=\"900\" \/>Sans additifs artificiels, agents de remplissage ou conservateurs, juste des \u00e9pices pures pour une saveur nette et audacieuse.<\/p>\n<p data-start=\"992\" data-end=\"1110\">\ud83c\udf3e <strong data-start=\"995\" data-end=\"1019\">V\u00e9g\u00e9talien et sans gluten :<\/strong><br data-start=\"1019\" data-end=\"1022\" \/>Convient \u00e0 tous les r\u00e9gimes, ce qui en fait un incontournable du garde-manger pour la p\u00e2tisserie saisonni\u00e8re et les friandises familiales.<\/p>\n<p data-start=\"1112\" data-end=\"1242\">\ud83d\udd12 <strong data-start=\"1115\" data-end=\"1140\">Fra\u00eecheur refermable :<\/strong><br data-start=\"1140\" data-end=\"1143\" \/>La pochette pratique garde votre m\u00e9lange d&#039;\u00e9pices \u00e0 la citrouille frais, parfum\u00e9 et pr\u00eat pour chaque occasion chaleureuse.<\/p>\n<p data-start=\"1244\" data-end=\"1305\"><strong data-start=\"1244\" data-end=\"1260\">Ingr\u00e9dients:<\/strong><br data-start=\"1260\" data-end=\"1263\" \/>Cannelle, noix de muscade, gingembre, clous de girofle, piment de la Jama\u00efque<\/p>","protected":false},"excerpt":{"rendered":"<p>\ud83c\udf83 R\u00e9chauffez-vous avec le go\u00fbt classique de l&#039;automne\u00a0! Cannelle pure, muscade, gingembre, clou de girofle et piment de la Jama\u00efque, sans additifs. Parfait pour les tartes, les lattes, les cr\u00eapes et plus encore. Sachet refermable de 113\u00a0g.<\/p>","protected":false},"featured_media":350,"comment_status":"open","ping_status":"closed","template":"","meta":[],"product_brand":[25],"product_cat":[44],"product_tag":[47],"class_list":{"0":"post-343","1":"product","2":"type-product","3":"status-publish","4":"has-post-thumbnail","6":"product_brand-edi-gourmet-spice","7":"product_cat-seasoning","8":"product_tag-pumpkin-pie-spice","10":"first","11":"instock","12":"taxable","13":"shipping-taxable","14":"purchasable","15":"product-type-simple"},"_links":{"self":[{"href":"https:\/\/edigourmetspice.com\/fr\/wp-json\/wp\/v2\/product\/343","targetHints":{"allow":["GET"]}}],"collection":[{"href":"https:\/\/edigourmetspice.com\/fr\/wp-json\/wp\/v2\/product"}],"about":[{"href":"https:\/\/edigourmetspice.com\/fr\/wp-json\/wp\/v2\/types\/product"}],"replies":[{"embeddable":true,"href":"https:\/\/edigourmetspice.com\/fr\/wp-json\/wp\/v2\/comments?post=343"}],"wp:featuredmedia":[{"embeddable":true,"href":"https:\/\/edigourmetspice.com\/fr\/wp-json\/wp\/v2\/media\/350"}],"wp:attachment":[{"href":"https:\/\/edigourmetspice.com\/fr\/wp-json\/wp\/v2\/media?parent=343"}],"wp:term":[{"taxonomy":"product_brand","embeddable":true,"href":"https:\/\/edigourmetspice.com\/fr\/wp-json\/wp\/v2\/product_brand?post=343"},{"taxonomy":"product_cat","embeddable":true,"href":"https:\/\/edigourmetspice.com\/fr\/wp-json\/wp\/v2\/product_cat?post=343"},{"taxonomy":"product_tag","embeddable":true,"href":"https:\/\/edigourmetspice.com\/fr\/wp-json\/wp\/v2\/product_tag?post=343"}],"curies":[{"name":"wp","href":"https:\/\/api.w.org\/{rel}","templated":true}]}}