{"id":146,"date":"2025-03-06T18:10:53","date_gmt":"2025-03-06T18:10:53","guid":{"rendered":"https:\/\/edigourmetspice.com\/?post_type=product&#038;p=146"},"modified":"2026-03-23T01:08:07","modified_gmt":"2026-03-23T01:08:07","slug":"zaatar-seasoning","status":"publish","type":"product","link":"https:\/\/edigourmetspice.com\/fr\/zaatar-seasoning\/","title":{"rendered":"Assaisonnement Zaatar"},"content":{"rendered":"<h3 class=\"\" data-start=\"561\" data-end=\"628\">D\u00e9couvrez le Zaatar \u00e0 la turque \u2014 Riche, nutritif et d\u00e9licieux<\/h3>\n<p class=\"\" data-start=\"630\" data-end=\"853\">Notre <strong data-start=\"634\" data-end=\"669\">Assaisonnement Zaatar \u00e0 la turque<\/strong> est unique sur le march\u00e9. Il contient un m\u00e9lange robuste de 13 ingr\u00e9dients qui va bien au-del\u00e0 des m\u00e9langes traditionnels, combinant \u00e0 la fois des herbes savoureuses et des graines et c\u00e9r\u00e9ales riches en nutriments.<\/p>\n<p class=\"\" data-start=\"855\" data-end=\"1013\"><strong data-start=\"855\" data-end=\"871\">Ingr\u00e9dients:<\/strong><br data-start=\"871\" data-end=\"874\" \/>Pois chiches, graines de past\u00e8que, graines de melon, t\u00e9r\u00e9benthine, arachides, bl\u00e9 bouilli, s\u00e9same, fenouil, coriandre, sumac, cumin, poivron rouge et sel.<\/p>\n<hr class=\"\" data-start=\"1015\" data-end=\"1018\" \/>\n<h3 class=\"\" data-start=\"1020\" data-end=\"1042\">Pourquoi vous allez l&#039;adorer<\/h3>\n<p class=\"\" data-start=\"1044\" data-end=\"1187\">\ud83c\udf3f <strong data-start=\"1047\" data-end=\"1075\">Saveur audacieuse et \u00e9quilibr\u00e9e<\/strong><br data-start=\"1075\" data-end=\"1078\" \/>Parfaitement \u00e9pic\u00e9 et textur\u00e9 \u2014 id\u00e9al pour les viandes, les l\u00e9gumes ou simplement saupoudr\u00e9 sur du houmous, du labneh ou du pain.<\/p>\n<p class=\"\" data-start=\"1189\" data-end=\"1316\">\ud83d\udcaa <strong data-start=\"1192\" data-end=\"1209\">Riche en nutriments<\/strong><br data-start=\"1209\" data-end=\"1212\" \/>Rempli de sources naturelles de <strong data-start=\"1243\" data-end=\"1281\">fer, sodium, vitamine A et fibres<\/strong>, ce qui en fait plus qu\u2019une simple \u00e9pice.<\/p>\n<p class=\"\" data-start=\"1318\" data-end=\"1441\">\ud83c\udf5e <strong data-start=\"1321\" data-end=\"1339\">Pr\u00eat pour Manakish<\/strong><br data-start=\"1339\" data-end=\"1342\" \/>\u00c9talez du zaatar avec de l&#039;huile d&#039;olive sur la p\u00e2te pour pr\u00e9parer une recette traditionnelle du Moyen-Orient. <strong data-start=\"1418\" data-end=\"1440\">pain plat manakish<\/strong>.<\/p>\n<p class=\"\" data-start=\"1443\" data-end=\"1477\">\ud83e\udde1 <strong data-start=\"1446\" data-end=\"1477\">100% V\u00e9g\u00e9talien et sans lactose<\/strong><\/p>\n<p class=\"\" data-start=\"1479\" data-end=\"1586\">\ud83c\udffa <strong data-start=\"1482\" data-end=\"1499\">Racines anciennes<\/strong><br data-start=\"1499\" data-end=\"1502\" \/>Le Za&#039;atar remonte \u00e0 l&#039;\u00c9gypte ancienne : des restes ont \u00e9t\u00e9 retrouv\u00e9s dans la tombe du roi Toutankhamon.<\/p>\n<p class=\"\" data-start=\"1588\" data-end=\"1689\">\ud83d\udc5d <strong data-start=\"1591\" data-end=\"1606\">Reste frais<\/strong><br data-start=\"1606\" data-end=\"1609\" \/>Emball\u00e9 dans <strong data-start=\"1621\" data-end=\"1661\">sachets artisanaux refermables de qualit\u00e9 alimentaire<\/strong> pour conserver l&#039;ar\u00f4me et le go\u00fbt.<\/p>\n<hr class=\"\" data-start=\"1691\" data-end=\"1694\" \/>\n<h3 class=\"\" data-start=\"1696\" data-end=\"1713\">Comment utiliser l&#039;assaisonnement turc Zaatar<\/h3>\n<ul data-start=\"1715\" data-end=\"1966\">\n<li class=\"\" data-start=\"1715\" data-end=\"1795\">\n<p class=\"\" data-start=\"1717\" data-end=\"1795\"><strong data-start=\"1717\" data-end=\"1733\">Pour tremper :<\/strong> M\u00e9langer avec de l&#039;huile d&#039;olive et tremper du pain frais pour un ap\u00e9ritif riche<\/p>\n<\/li>\n<li class=\"\" data-start=\"1796\" data-end=\"1862\">\n<p class=\"\" data-start=\"1798\" data-end=\"1862\"><strong data-start=\"1798\" data-end=\"1811\">En guise de friction :<\/strong> Saupoudrer sur des l\u00e9gumes r\u00f4tis ou de la viande grill\u00e9e<\/p>\n<\/li>\n<li class=\"\" data-start=\"1863\" data-end=\"1966\">\n<p class=\"\" data-start=\"1865\" data-end=\"1966\"><strong data-start=\"1865\" data-end=\"1880\">Pour la cuisson :<\/strong> Pr\u00e9parez le manakish traditionnel en \u00e9talant du zaatar et de l&#039;huile d&#039;olive sur la p\u00e2te avant la cuisson.<\/p>\n<\/li>\n<\/ul>\n<p>&nbsp;<\/p>\n<p>Vous \u00eates curieux de savoir comment utiliser le Zaatar dans votre cuisine ? <a href=\"https:\/\/edigourmetspice.com\/fr\/unraveling-the-magic-of-zaatar-a-flavorful-adventure\/\">D\u00e9couvrez notre article de blog complet<\/a> pour des conseils d\u00e9licieux, des recettes traditionnelles et l&#039;histoire fascinante derri\u00e8re ce m\u00e9lange embl\u00e9matique.<\/p>","protected":false},"excerpt":{"rendered":"<p>Un zaatar turc compos\u00e9 de 13 ingr\u00e9dients, riche en saveurs et en nutriments. Id\u00e9al pour tremper, assaisonner ou pr\u00e9parer des manakish traditionnels.<\/p>","protected":false},"featured_media":147,"comment_status":"open","ping_status":"closed","template":"","meta":[],"product_brand":[25],"product_cat":[44],"product_tag":[23],"class_list":{"0":"post-146","1":"product","2":"type-product","3":"status-publish","4":"has-post-thumbnail","6":"product_brand-edi-gourmet-spice","7":"product_cat-seasoning","8":"product_tag-zaatar","10":"first","11":"outofstock","12":"taxable","13":"shipping-taxable","14":"purchasable","15":"product-type-simple"},"_links":{"self":[{"href":"https:\/\/edigourmetspice.com\/fr\/wp-json\/wp\/v2\/product\/146","targetHints":{"allow":["GET"]}}],"collection":[{"href":"https:\/\/edigourmetspice.com\/fr\/wp-json\/wp\/v2\/product"}],"about":[{"href":"https:\/\/edigourmetspice.com\/fr\/wp-json\/wp\/v2\/types\/product"}],"replies":[{"embeddable":true,"href":"https:\/\/edigourmetspice.com\/fr\/wp-json\/wp\/v2\/comments?post=146"}],"wp:featuredmedia":[{"embeddable":true,"href":"https:\/\/edigourmetspice.com\/fr\/wp-json\/wp\/v2\/media\/147"}],"wp:attachment":[{"href":"https:\/\/edigourmetspice.com\/fr\/wp-json\/wp\/v2\/media?parent=146"}],"wp:term":[{"taxonomy":"product_brand","embeddable":true,"href":"https:\/\/edigourmetspice.com\/fr\/wp-json\/wp\/v2\/product_brand?post=146"},{"taxonomy":"product_cat","embeddable":true,"href":"https:\/\/edigourmetspice.com\/fr\/wp-json\/wp\/v2\/product_cat?post=146"},{"taxonomy":"product_tag","embeddable":true,"href":"https:\/\/edigourmetspice.com\/fr\/wp-json\/wp\/v2\/product_tag?post=146"}],"curies":[{"name":"wp","href":"https:\/\/api.w.org\/{rel}","templated":true}]}}