{"id":113,"date":"2025-03-06T18:10:38","date_gmt":"2025-03-06T18:10:38","guid":{"rendered":"https:\/\/edigourmetspice.com\/?post_type=product&#038;p=113"},"modified":"2026-02-11T20:41:23","modified_gmt":"2026-02-11T20:41:23","slug":"dried-mint-leaves","status":"publish","type":"product","link":"https:\/\/edigourmetspice.com\/fr\/dried-mint-leaves\/","title":{"rendered":"Feuilles de menthe s\u00e9ch\u00e9es"},"content":{"rendered":"<h2 data-start=\"577\" data-end=\"632\">Saveurs fra\u00eeches et rafra\u00eechissantes des cuisines m\u00e9diterran\u00e9ennes \ud83c\udf3f<\/h2>\n<p data-start=\"634\" data-end=\"841\">La menthe s\u00e9ch\u00e9e est un de ces ingr\u00e9dients qui transforment subtilement un plat. Fra\u00eeche, aromatique et l\u00e9g\u00e8rement sucr\u00e9e, <strong data-start=\"739\" data-end=\"765\">Menthe s\u00e9ch\u00e9e Edi Gourmet<\/strong> apporte de la fra\u00eecheur et de l&#039;\u00e9quilibre aux recettes sal\u00e9es comme aux boissons rafra\u00eechissantes.<\/p>\n<p data-start=\"843\" data-end=\"1007\">Soigneusement s\u00e9ch\u00e9 \u00e0 partir de <strong data-start=\"864\" data-end=\"895\">100% feuilles de menthe poivr\u00e9e pures<\/strong>, Notre menthe conserve son ar\u00f4me naturel et sa saveur intense \u2014 sans additifs, sans agents de remplissage, juste un go\u00fbt pur et authentique.<\/p>\n<p data-start=\"1009\" data-end=\"1149\">C&#039;est un ingr\u00e9dient de base des cuisines m\u00e9diterran\u00e9enne, moyen-orientale et nord-africaine, utilis\u00e9 aussi bien pour les repas de tous les jours que pour le th\u00e9 \u00e0 la menthe traditionnel.<\/p>\n<hr data-start=\"1151\" data-end=\"1154\" \/>\n<h2 data-start=\"1156\" data-end=\"1191\">Quel est le go\u00fbt de la menthe s\u00e9ch\u00e9e ?<\/h2>\n<p data-start=\"1193\" data-end=\"1288\">La menthe s\u00e9ch\u00e9e a <strong data-start=\"1210\" data-end=\"1235\">saveur propre et rafra\u00eechissante<\/strong> avec une l\u00e9g\u00e8re douceur naturelle et une fra\u00eecheur herbac\u00e9e.<\/p>\n<ul data-start=\"1290\" data-end=\"1405\">\n<li data-start=\"1290\" data-end=\"1318\">\n<p data-start=\"1292\" data-end=\"1318\">\ud83c\udf3f Ar\u00f4me rafra\u00eechissant de menthe<\/p>\n<\/li>\n<li data-start=\"1319\" data-end=\"1359\">\n<p data-start=\"1321\" data-end=\"1359\">\u2744\ufe0f Finition rafra\u00eechissante (sans \u00eatre trop forte)<\/p>\n<\/li>\n<li data-start=\"1360\" data-end=\"1405\">\n<p data-start=\"1362\" data-end=\"1405\">\ud83c\udf43 Go\u00fbt doux et pur, sans amertume<\/p>\n<\/li>\n<\/ul>\n<p data-start=\"1407\" data-end=\"1521\">Compar\u00e9e \u00e0 la menthe fra\u00eeche, la menthe s\u00e9ch\u00e9e est plus concentr\u00e9e et se m\u00e9lange parfaitement aux plats sans ajouter d&#039;humidit\u00e9.<\/p>\n<hr data-start=\"1523\" data-end=\"1526\" \/>\n<h2 data-start=\"1528\" data-end=\"1552\">Pourquoi vous allez l&#039;adorer \ud83d\udc9a<\/h2>\n<p data-start=\"1554\" data-end=\"1666\">\ud83c\udf3f <strong data-start=\"1557\" data-end=\"1584\">Saveur menthe vive et fra\u00eeche<\/strong><br data-start=\"1584\" data-end=\"1587\" \/>Une petite quantit\u00e9 suffit. Parfait pour les sauces, les salades, les marinades et les vinaigrettes.<\/p>\n<p data-start=\"1668\" data-end=\"1784\">\u2615 <strong data-start=\"1670\" data-end=\"1694\">Parfait pour le th\u00e9 \u00e0 la menthe<\/strong><br data-start=\"1694\" data-end=\"1697\" \/>Infus\u00e9 chaud ou froid, ce th\u00e9 rafra\u00eechissant est appr\u00e9ci\u00e9 dans tout le bassin m\u00e9diterran\u00e9en et au Moyen-Orient.<\/p>\n<p data-start=\"1786\" data-end=\"1932\">\ud83c\udf7d\ufe0f <strong data-start=\"1790\" data-end=\"1820\">Essentiels de cuisine du quotidien<\/strong><br data-start=\"1820\" data-end=\"1823\" \/>Des sauces au yaourt aux plats d&#039;agneau, en passant par les c\u00e9r\u00e9ales et les l\u00e9gumes, la menthe s\u00e9ch\u00e9e s&#039;int\u00e8gre sans effort dans la cuisine quotidienne.<\/p>\n<p data-start=\"1934\" data-end=\"2044\">\ud83d\udcaf <strong data-start=\"1937\" data-end=\"1960\">100% Naturel et pur<\/strong><br data-start=\"1960\" data-end=\"1963\" \/>Fabriqu\u00e9 uniquement \u00e0 partir de feuilles de menthe poivr\u00e9e s\u00e9ch\u00e9es \u2014 sans additifs, conservateurs ni agents de remplissage.<\/p>\n<p data-start=\"2046\" data-end=\"2161\">\ud83d\udc5d <strong data-start=\"2049\" data-end=\"2080\">Emballage ax\u00e9 sur la fra\u00eecheur<\/strong><br data-start=\"2080\" data-end=\"2083\" \/>Conditionn\u00e9 dans un sachet refermable de qualit\u00e9 alimentaire pour pr\u00e9server l&#039;ar\u00f4me, la couleur et la saveur.<\/p>\n<hr data-start=\"2163\" data-end=\"2166\" \/>\n<h2 data-start=\"2168\" data-end=\"2195\">Comment utiliser la menthe s\u00e9ch\u00e9e \ud83c\udf74<\/h2>\n<ul data-start=\"2197\" data-end=\"2447\">\n<li data-start=\"2197\" data-end=\"2258\">\n<p data-start=\"2199\" data-end=\"2258\">Parsemez-en les sauces au yaourt, le tzatziki ou les salades de concombre.<\/p>\n<\/li>\n<li data-start=\"2259\" data-end=\"2321\">\n<p data-start=\"2261\" data-end=\"2321\">Incorporez-les aux marinades d&#039;agneau, aux boulettes de viande ou aux l\u00e9gumes grill\u00e9s.<\/p>\n<\/li>\n<li data-start=\"2322\" data-end=\"2384\">\n<p data-start=\"2324\" data-end=\"2384\">Pr\u00e9parez une infusion de menthe apaisante (chaude ou glac\u00e9e) avec du miel ou du citron.<\/p>\n<\/li>\n<li data-start=\"2385\" data-end=\"2447\">\n<p data-start=\"2387\" data-end=\"2447\">\u00c0 ajouter aux plats de riz, aux lentilles ou aux salades m\u00e9diterran\u00e9ennes.<\/p>\n<\/li>\n<\/ul>\n<p data-start=\"2449\" data-end=\"2534\">La menthe s\u00e9ch\u00e9e fonctionne \u00e0 merveille \u00e0 la fois comme <strong data-start=\"2488\" data-end=\"2507\">herbe de fond<\/strong> et un <strong data-start=\"2514\" data-end=\"2533\">touche finale<\/strong>.<\/p>\n<hr data-start=\"2536\" data-end=\"2539\" \/>\n<h2 data-start=\"2541\" data-end=\"2555\">Ingr\u00e9dients<\/h2>\n<p data-start=\"2557\" data-end=\"2605\"><strong data-start=\"2557\" data-end=\"2573\">Ingr\u00e9dients:<\/strong><br data-start=\"2573\" data-end=\"2576\" \/>100% feuilles de menthe poivr\u00e9e s\u00e9ch\u00e9es.<\/p>\n<p data-start=\"2607\" data-end=\"2650\">Sans additifs. Sans conservateurs. Sans agents de remplissage.<\/p>\n<hr data-start=\"2652\" data-end=\"2655\" \/>\n<h2 data-start=\"2657\" data-end=\"2697\">Un incontournable de la cuisine m\u00e9diterran\u00e9enne<\/h2>\n<p data-start=\"2699\" data-end=\"2958\">La menthe s\u00e9ch\u00e9e est tr\u00e8s utilis\u00e9e dans les cuisines m\u00e9diterran\u00e9enne, moyen-orientale et nord-africaine, notamment dans les plats \u00e0 base de yaourt, les viandes grill\u00e9es et les infusions rafra\u00eechissantes. C&#039;est un ingr\u00e9dient essentiel du placard qui apporte instantan\u00e9ment fra\u00eecheur et \u00e9quilibre \u00e0 un repas.<\/p>\n<p data-start=\"2960\" data-end=\"3101\">\ud83d\udd0e <a href=\"https:\/\/edigourmetspice.com\/fr\/what-is-dry-mint-good-for\/\">D\u00e9couvrez d&#039;autres fa\u00e7ons d&#039;utiliser la menthe s\u00e9ch\u00e9e dans notre guide Spice Chronicles.<\/a><\/p>","protected":false},"excerpt":{"rendered":"<p>Feuilles de menthe poivr\u00e9e s\u00e9ch\u00e9es, fra\u00eeches et aromatiques, au go\u00fbt pur et rafra\u00eechissant. Id\u00e9ales pour les infusions \u00e0 la menthe, les sauces au yaourt, les salades, les marinades et les plats m\u00e9diterran\u00e9ens.<\/p>","protected":false},"featured_media":114,"comment_status":"open","ping_status":"closed","template":"","meta":[],"product_brand":[25],"product_cat":[43],"product_tag":[39],"class_list":{"0":"post-113","1":"product","2":"type-product","3":"status-publish","4":"has-post-thumbnail","6":"product_brand-edi-gourmet-spice","7":"product_cat-spice","8":"product_tag-dried-mint","10":"first","11":"instock","12":"taxable","13":"shipping-taxable","14":"purchasable","15":"product-type-simple"},"_links":{"self":[{"href":"https:\/\/edigourmetspice.com\/fr\/wp-json\/wp\/v2\/product\/113","targetHints":{"allow":["GET"]}}],"collection":[{"href":"https:\/\/edigourmetspice.com\/fr\/wp-json\/wp\/v2\/product"}],"about":[{"href":"https:\/\/edigourmetspice.com\/fr\/wp-json\/wp\/v2\/types\/product"}],"replies":[{"embeddable":true,"href":"https:\/\/edigourmetspice.com\/fr\/wp-json\/wp\/v2\/comments?post=113"}],"wp:featuredmedia":[{"embeddable":true,"href":"https:\/\/edigourmetspice.com\/fr\/wp-json\/wp\/v2\/media\/114"}],"wp:attachment":[{"href":"https:\/\/edigourmetspice.com\/fr\/wp-json\/wp\/v2\/media?parent=113"}],"wp:term":[{"taxonomy":"product_brand","embeddable":true,"href":"https:\/\/edigourmetspice.com\/fr\/wp-json\/wp\/v2\/product_brand?post=113"},{"taxonomy":"product_cat","embeddable":true,"href":"https:\/\/edigourmetspice.com\/fr\/wp-json\/wp\/v2\/product_cat?post=113"},{"taxonomy":"product_tag","embeddable":true,"href":"https:\/\/edigourmetspice.com\/fr\/wp-json\/wp\/v2\/product_tag?post=113"}],"curies":[{"name":"wp","href":"https:\/\/api.w.org\/{rel}","templated":true}]}}