{"id":7,"date":"2025-02-26T13:15:56","date_gmt":"2025-02-26T13:15:56","guid":{"rendered":"https:\/\/edigourmetspice.com\/products\/"},"modified":"2025-02-26T13:15:56","modified_gmt":"2025-02-26T13:15:56","slug":"products","status":"publish","type":"page","link":"https:\/\/edigourmetspice.com\/fr\/products\/","title":{"rendered":"Produits"},"content":{"rendered":"<div class=\"wp-block-group alignwide hostinger-ai-our-services-4 hostinger-ai-fade-up\" style=\"padding-top:0;padding-bottom:0\"><div class=\"wp-block-group__inner-container is-layout-constrained wp-block-group-is-layout-constrained\">\n    <div class=\"wp-block-group alignwide hostinger-ai-fade-up is-nowrap is-layout-flex wp-container-core-group-is-layout-4ac5639c wp-block-group-is-layout-flex\" style=\"margin-bottom:0;padding-top:0;padding-bottom:var(--wp--preset--spacing--30)\">\n        <div class=\"wp-block-columns is-layout-flex wp-container-core-columns-is-layout-28f84493 wp-block-columns-is-layout-flex\">\n            <div class=\"wp-block-column is-layout-flow wp-block-column-is-layout-flow\" style=\"flex-basis:50%\">\n                <h2 class=\"wp-block-heading hostinger-ai-service-title has-x-large-font-size\" style=\"margin-bottom:0\">\u00c9pices mondiales de premi\u00e8re qualit\u00e9<\/h2>\n                <\/div>\n            \n\n            \n            <div class=\"wp-block-column is-vertically-aligned-center has-small-font-size is-layout-constrained wp-block-column-is-layout-constrained\" style=\"flex-basis:50%\">\n                <p class=\"hostinger-ai-service-description has-medium-font-size\">Rehaussez vos cr\u00e9ations culinaires avec notre s\u00e9lection organis\u00e9e d&#039;\u00e9pices exquises du monde entier.<\/p>\n                <\/div>\n            <\/div>\n        <\/div>\n    \n\n    \n    <div class=\"wp-block-group alignwide image-row hostinger-ai-fade-up is-layout-flex wp-block-group-is-layout-flex\" style=\"margin-bottom:0;padding-top:var(--wp--preset--spacing--30)\">\n        <figure class=\"wp-block-image size-full has-custom-border hostinger-ai-service-image hostinger-index-4\"><img decoding=\"async\" src=\"https:\/\/images.unsplash.com\/photo-1604740795234-9cb8e03c189b?q=85&amp;w=700&amp;h=320&amp;fit=crop\" alt=\"\" class=\"wp-image-554\" style=\"border-radius:8px\"><\/figure>\n        \n\n        \n        <figure class=\"wp-block-image alignfull size-full has-custom-border hostinger-ai-service-image hostinger-index-5\"><img decoding=\"async\" src=\"https:\/\/images.unsplash.com\/photo-1566824099147-bef027d3a333?q=85&amp;w=400&amp;h=320&amp;fit=crop\" alt=\"\" class=\"wp-image-555\" style=\"border-radius:8px\"><\/figure>\n        <\/div>\n    <\/div><\/div>\n<div class=\"wp-block-group alignfull hostinger-ai-our-projects-5 hostinger-ai-fade-up\"><div class=\"wp-block-group__inner-container is-layout-constrained wp-block-group-is-layout-constrained\">\n    <div class=\"wp-block-group alignwide hostinger-ai-fade-up is-content-justification-left\"><div class=\"wp-block-group__inner-container is-layout-constrained wp-container-core-group-is-layout-12dd3699 wp-block-group-is-layout-constrained\">\n        <h2 class=\"wp-block-heading is-style-default hostinger-ai-title has-dark-color has-text-color has-link-color has-x-large-font-size wp-elements-fbf46d88c0ac7c19bb87ade53bfda98b\" style=\"margin-bottom:var(--wp--preset--spacing--50)\">L&#039;excellence culinaire livr\u00e9e<\/h2>\n        \n\n        \n        <div class=\"wp-block-columns alignwide is-layout-flex wp-container-core-columns-is-layout-a5cf46d6 wp-block-columns-is-layout-flex\" style=\"margin-bottom:var(--wp--preset--spacing--40)\">\n            <div class=\"wp-block-column is-layout-flow wp-block-column-is-layout-flow\" style=\"flex-basis:40%\">\n                <div class=\"wp-block-group hostinger-ai-fade-up\" style=\"padding-top:0;padding-right:var(--wp--preset--spacing--20);padding-bottom:0;padding-left:var(--wp--preset--spacing--20)\"><div class=\"wp-block-group__inner-container is-layout-constrained wp-container-core-group-is-layout-29a8626f wp-block-group-is-layout-constrained\">\n                    <figure class=\"wp-block-image size-full has-custom-border hostinger-ai-project-image hostinger-index-10\"><img decoding=\"async\" src=\"https:\/\/images.unsplash.com\/photo-1587592496831-1abdcfe1ab9b?q=85&amp;w=410&amp;h=335&amp;fit=crop\" alt=\"\" class=\"wp-image-671\" style=\"border-radius:8px\"><\/figure>\n                    \n\n                    \n                    <p class=\"has-text-align-left hostinger-ai-project-title hostinger-ai-font-bold has-dark-color has-text-color has-link-color has-medium-font-size wp-elements-d297552c3a0b667bc7c5b13d4c9ea29b\" style=\"margin-top:var(--wp--preset--spacing--40)\">Exp\u00e9rience de saveurs mondiales<\/p>\n                    \n\n                    \n                    <p class=\"has-text-align-left hostinger-ai-project-description has-dark-color has-text-color has-link-color has-medium-font-size wp-elements-626175204f5544fd684d35bd10dca462\" style=\"margin-top:var(--wp--preset--spacing--40);padding-right:var(--wp--preset--spacing--60)\">D\u00e9couvrez notre s\u00e9lection exquise d&#039;\u00e9pices provenant du monde entier, con\u00e7ues pour inspirer vos aventures culinaires et \u00e9lever votre cuisine vers de nouveaux sommets de saveur et de cr\u00e9ativit\u00e9.<\/p>\n                    <\/div><\/div>\n                <\/div>\n            \n\n            \n            <div class=\"wp-block-column is-layout-flow wp-block-column-is-layout-flow\" style=\"flex-basis:60%\">\n                <div class=\"wp-block-group hostinger-ai-fade-up\" style=\"padding-top:0;padding-right:var(--wp--preset--spacing--20);padding-bottom:0;padding-left:var(--wp--preset--spacing--20)\"><div class=\"wp-block-group__inner-container is-layout-constrained wp-container-core-group-is-layout-29a8626f wp-block-group-is-layout-constrained\">\n                    <figure class=\"wp-block-image size-full has-custom-border hostinger-ai-project-image hostinger-index-11\"><img decoding=\"async\" src=\"https:\/\/images.unsplash.com\/photo-1617099184495-80ed45ce8e63?q=85&amp;w=625&amp;h=335&amp;fit=crop\" alt=\"\" class=\"wp-image-673\" style=\"border-radius:8px\"><\/figure>\n                    \n\n                    \n                    <p class=\"has-text-align-left hostinger-ai-project-title hostinger-ai-font-bold hostinger-index-1 has-dark-color has-text-color has-link-color has-medium-font-size wp-elements-aabbf8b25d8f81d304c5b1d51df2bf64\" style=\"margin-top:var(--wp--preset--spacing--40)\">Ingr\u00e9dients de qualit\u00e9 garantis<\/p>\n                    \n\n                    \n                    <p class=\"has-text-align-left hostinger-ai-project-description hostinger-index-1 has-dark-color has-text-color has-link-color has-medium-font-size wp-elements-4547dd326db1e2e72ee516619934ab7c\" style=\"margin-top:var(--wp--preset--spacing--40);padding-right:var(--wp--preset--spacing--60)\">Notre engagement envers la qualit\u00e9 garantit que chaque \u00e9pice et assaisonnement que nous proposons est soigneusement s\u00e9lectionn\u00e9, vous permettant de cr\u00e9er des repas m\u00e9morables qui refl\u00e8tent les riches traditions de la cuisine mondiale.<\/p>\n                    <\/div><\/div>\n                <\/div>\n            <\/div>\n        \n\n        \n        <div class=\"wp-block-columns alignwide is-layout-flex wp-container-core-columns-is-layout-28f84493 wp-block-columns-is-layout-flex\">\n            <div class=\"wp-block-column is-layout-flow wp-block-column-is-layout-flow\" style=\"flex-basis:60%\">\n                <div class=\"wp-block-group hostinger-ai-fade-up\" style=\"padding-top:0;padding-right:var(--wp--preset--spacing--20);padding-bottom:0;padding-left:var(--wp--preset--spacing--20)\"><div class=\"wp-block-group__inner-container is-layout-constrained wp-container-core-group-is-layout-29a8626f wp-block-group-is-layout-constrained\">\n                    <figure class=\"wp-block-image size-full has-custom-border hostinger-ai-project-image hostinger-index-12\"><img decoding=\"async\" src=\"https:\/\/images.unsplash.com\/photo-1497135238684-c7a0fd4e09f0?q=85&amp;w=625&amp;h=335&amp;fit=crop\" alt=\"\" class=\"wp-image-673\" style=\"border-radius:8px\"><\/figure>\n                    \n\n                    \n                    <p class=\"has-text-align-left hostinger-ai-project-title hostinger-ai-font-bold hostinger-index-2 has-dark-color has-text-color has-link-color has-medium-font-size wp-elements-dff18f9887d8cd9ec45b731b3023257b\" style=\"margin-top:var(--wp--preset--spacing--40)\">Voyages culinaires savoureux<\/p>\n                    \n\n                    \n                    <p class=\"has-text-align-left hostinger-ai-project-description hostinger-index-2 has-dark-color has-text-color has-link-color has-medium-font-size wp-elements-017eed99e418ada52ac2045fbca55fe2\" style=\"margin-top:var(--wp--preset--spacing--40);padding-right:var(--wp--preset--spacing--60)\">Rejoignez-nous pour d\u00e9couvrir les saveurs vibrantes de diverses cultures \u00e0 travers nos \u00e9pices haut de gamme, chacune racontant une histoire d&#039;h\u00e9ritage et de savoir-faire culinaire, parfaite pour les chefs et les cuisiniers \u00e0 domicile.<\/p>\n                    <\/div><\/div>\n                <\/div>\n            \n\n            \n            <div class=\"wp-block-column is-layout-flow wp-block-column-is-layout-flow\" style=\"flex-basis:40%\">\n                <div class=\"wp-block-group hostinger-ai-fade-up\" style=\"padding-top:0;padding-right:var(--wp--preset--spacing--20);padding-bottom:0;padding-left:var(--wp--preset--spacing--20)\"><div class=\"wp-block-group__inner-container is-layout-constrained wp-container-core-group-is-layout-29a8626f wp-block-group-is-layout-constrained\">\n                    <figure class=\"wp-block-image size-full has-custom-border hostinger-ai-project-image hostinger-index-13\"><img decoding=\"async\" src=\"https:\/\/images.unsplash.com\/photo-1524593481568-2e46b9ffcd16?q=85&amp;w=410&amp;h=335&amp;fit=crop\" alt=\"\" class=\"wp-image-671\" style=\"border-radius:8px\"><\/figure>\n                    \n\n                    \n                    <p class=\"has-text-align-left hostinger-ai-project-title hostinger-ai-font-bold hostinger-index-3 has-dark-color has-text-color has-link-color has-medium-font-size wp-elements-c4175b0355fa1cbc57060ac458cc1f6a\" style=\"margin-top:var(--wp--preset--spacing--40)\">Partenaire de cuisine de confiance<\/p>\n                    \n\n                    \n                    <p class=\"has-text-align-left hostinger-ai-project-description hostinger-index-3 has-dark-color has-text-color has-link-color has-medium-font-size wp-elements-e1106f1ee83d674d733e7985afc8d0b6\" style=\"margin-top:var(--wp--preset--spacing--40);padding-right:var(--wp--preset--spacing--60)\">Chez Edi Gourmet Spice, nous nous effor\u00e7ons d&#039;\u00eatre votre partenaire fiable en cuisine, en vous fournissant les meilleurs ingr\u00e9dients pour inspirer votre cuisine et sublimer vos cr\u00e9ations culinaires.<\/p>\n                    <\/div><\/div>\n                <\/div>\n            <\/div>\n        <\/div><\/div>\n    <\/div><\/div>\n<div class=\"wp-block-group alignfull hostinger-ai-customer-reviews-2 hostinger-ai-fade-up has-color-2-background-color has-background\" style=\"padding-top:var(--wp--preset--spacing--60);padding-bottom:var(--wp--preset--spacing--60)\"><div class=\"wp-block-group__inner-container is-layout-constrained wp-block-group-is-layout-constrained\">\n    <div class=\"wp-block-columns alignwide is-layout-flex wp-container-core-columns-is-layout-28f84493 wp-block-columns-is-layout-flex\">\n        <div class=\"wp-block-column is-layout-flow wp-block-column-is-layout-flow\"><div class=\"wp-block-image hostinger-ai-testimonial-image hostinger-index-2\">\n            <figure class=\"aligncenter size-full is-resized has-custom-border\"><img decoding=\"async\" src=\"https:\/\/images.unsplash.com\/photo-1557737305-79af85aa1ae5?q=85&amp;w=400&amp;h=450&amp;fit=crop\" alt=\"\" class=\"wp-image-715\" style=\"border-radius:8px;width:412px;height:auto\"><\/figure>\n            <\/div><\/div>\n        \n\n        \n        <div class=\"wp-block-column is-vertically-aligned-center is-layout-flow wp-block-column-is-layout-flow\">\n            <div class=\"wp-block-group hostinger-ai-fade-up wp-container-content-69bc4bdf is-vertical is-content-justification-left is-nowrap is-layout-flex wp-container-core-group-is-layout-c11d071d wp-block-group-is-layout-flex\" style=\"padding-right:0;padding-left:0\">\n                <p class=\"hostinger-ai-subtitle has-light-color has-text-color has-link-color has-medium-font-size wp-elements-54a3390df375e747a4f28505e94580a7\" style=\"margin-top:0;margin-bottom:var(--wp--preset--spacing--20)\">Exp\u00e9riences savoureuses<\/p>\n                \n\n                \n                <p class=\"hostinger-ai-testimonial-text hostinger-ai-font-bold hostinger-index-2 has-light-color has-text-color has-link-color wp-elements-bcaaac2cddb9179d196eed6613605c35\" style=\"margin-top:0;margin-bottom:var(--wp--preset--spacing--50);font-size:21px\">\u00ab\u00a0Edi Gourmet Spice a transform\u00e9 ma cuisine\u00a0! Les \u00e9pices sont incroyablement aromatiques et fra\u00eeches, apportant des saveurs authentiques du monde \u00e0 ma cuisine. Je recommande vivement \u00e0 tous les gourmands\u00a0!\u00a0\u00bb<\/p>\n                <\/div>\n            <\/div>\n        <\/div>\n    <\/div><\/div>","protected":false},"excerpt":{"rendered":"<p>Premium Global Spices Elevate your culinary creations with our curated selection of exquisite spices from around the world. Culinary Excellence Delivered Global Flavor Experience Explore our exquisite selection of spices sourced from around the globe, designed to inspire your culinary adventures and elevate your cooking to new heights of flavor and creativity. Quality Ingredients Assured [&hellip;]<\/p>\n","protected":false},"author":1,"featured_media":0,"parent":0,"menu_order":0,"comment_status":"closed","ping_status":"closed","template":"","meta":{"footnotes":""},"class_list":["post-7","page","type-page","status-publish","hentry"],"_links":{"self":[{"href":"https:\/\/edigourmetspice.com\/fr\/wp-json\/wp\/v2\/pages\/7","targetHints":{"allow":["GET"]}}],"collection":[{"href":"https:\/\/edigourmetspice.com\/fr\/wp-json\/wp\/v2\/pages"}],"about":[{"href":"https:\/\/edigourmetspice.com\/fr\/wp-json\/wp\/v2\/types\/page"}],"author":[{"embeddable":true,"href":"https:\/\/edigourmetspice.com\/fr\/wp-json\/wp\/v2\/users\/1"}],"replies":[{"embeddable":true,"href":"https:\/\/edigourmetspice.com\/fr\/wp-json\/wp\/v2\/comments?post=7"}],"version-history":[{"count":0,"href":"https:\/\/edigourmetspice.com\/fr\/wp-json\/wp\/v2\/pages\/7\/revisions"}],"wp:attachment":[{"href":"https:\/\/edigourmetspice.com\/fr\/wp-json\/wp\/v2\/media?parent=7"}],"curies":[{"name":"wp","href":"https:\/\/api.w.org\/{rel}","templated":true}]}}