{"id":23,"date":"2025-05-02T17:27:21","date_gmt":"2025-05-02T17:27:21","guid":{"rendered":"https:\/\/edigourmetspice.com\/?page_id=23"},"modified":"2026-01-20T20:08:42","modified_gmt":"2026-01-20T20:08:42","slug":"refund_returns","status":"publish","type":"page","link":"https:\/\/edigourmetspice.com\/fr\/refund_returns\/","title":{"rendered":"Politique de remboursement et de retour"},"content":{"rendered":"<h3 class=\"wp-block-heading\">\ud83d\udcc4 <strong>Politique de retour pour Edi Gourmet Spice<\/strong><\/h3>\n\n\n\n<p><strong>Date d&#039;entr\u00e9e en vigueur :<\/strong> Mai 2025<br><strong>S&#039;applique \u00e0 :<\/strong> Tous les achats effectu\u00e9s sur <a class=\"\" href=\"https:\/\/edigourmetspice.com\/fr\/\">edigourmetspice.com<\/a><\/p>\n\n\n\n<p>Chez Edi Gourmet Spice, nous sommes fiers de la qualit\u00e9 de nos \u00e9pices et assaisonnements. Cependant, si vous n&#039;\u00eates pas enti\u00e8rement satisfait de votre achat, nous acceptons les retours selon les conditions ci-dessous.<\/p>\n\n\n\n<hr class=\"wp-block-separator has-alpha-channel-opacity\"\/>\n\n\n\n<h4 class=\"wp-block-heading\">\ud83d\udce6 Fen\u00eatre de retour<\/h4>\n\n\n\n<ul class=\"wp-block-list\">\n<li>Les retours sont accept\u00e9s dans les <strong>15 jours<\/strong> de livraison.<\/li>\n\n\n\n<li>Les articles doivent \u00eatre <strong>non ouvert<\/strong>, <strong>inutilis\u00e9<\/strong>, et dans <strong>emballage d&#039;origine<\/strong>.<\/li>\n\n\n\n<li>Pour effectuer un retour, veuillez nous envoyer un courriel \u00e0 <strong><a>info@edigourmetspice.com<\/a><\/strong> avec votre num\u00e9ro de commande et le motif du retour.<\/li>\n<\/ul>\n\n\n\n<hr class=\"wp-block-separator has-alpha-channel-opacity\"\/>\n\n\n\n<h4 class=\"wp-block-heading\">\ud83d\udeab Articles non \u00e9ligibles au retour<\/h4>\n\n\n\n<ul class=\"wp-block-list\">\n<li><strong>Ouvert<\/strong> pots ou sachets d&#039;\u00e9pices<\/li>\n\n\n\n<li>Produits endommag\u00e9s en raison d&#039;un stockage inappropri\u00e9 apr\u00e8s la livraison<\/li>\n\n\n\n<li>Articles en liquidation ou en vente finale<\/li>\n<\/ul>\n\n\n\n<hr class=\"wp-block-separator has-alpha-channel-opacity\"\/>\n\n\n\n<h4 class=\"wp-block-heading\">\ud83d\udcec Retour d&#039;exp\u00e9dition<\/h4>\n\n\n\n<ul class=\"wp-block-list\">\n<li>Les clients sont responsables de <strong>frais de retour<\/strong>.<\/li>\n\n\n\n<li>Nous vous recommandons d&#039;utiliser une m\u00e9thode d&#039;exp\u00e9dition tra\u00e7able.<\/li>\n<\/ul>\n\n\n\n<hr class=\"wp-block-separator has-alpha-channel-opacity\"\/>\n\n\n\n<h4 class=\"wp-block-heading\">\ud83d\udd01 Adresse de retour<\/h4>\n\n\n\n<p>Veuillez envoyer les d\u00e9clarations admissibles \u00e0 :<br><strong>\u00c9pices gourmandes Edi<\/strong><br>12 Pacha Dale Dr.<br>Quispamsis, N.-B.<br>E2E 0R1<br>Canada<\/p>\n\n\n\n<hr class=\"wp-block-separator has-alpha-channel-opacity\"\/>\n\n\n\n<h4 class=\"wp-block-heading\">\ud83d\udcb0 Remboursements<\/h4>\n\n\n\n<ul class=\"wp-block-list\">\n<li>Une fois que nous aurons re\u00e7u et inspect\u00e9 l&#039;article retourn\u00e9, nous vous en informerons par e-mail.<\/li>\n\n\n\n<li>Si votre demande est approuv\u00e9e, le prix total de votre produit vous sera rembours\u00e9 selon votre mode de paiement initial. <strong>dans un d\u00e9lai de 5 \u00e0 10 jours ouvrables<\/strong>.<\/li>\n\n\n\n<li>Les frais de livraison sont <strong>non remboursable<\/strong>.<\/li>\n<\/ul>\n\n\n\n<hr class=\"wp-block-separator has-alpha-channel-opacity\"\/>\n\n\n\n<h4 class=\"wp-block-heading\">\u2753 Besoin d&#039;aide ?<\/h4>\n\n\n\n<p>Si vous avez des questions, envoyez-nous un e-mail \u00e0 <a class=\"\" href=\"mailto:info@edigourmetspice.com\">info@edigourmetspice.com<\/a> et nous serons heureux de vous aider.<\/p>\n\n\n\n<hr class=\"wp-block-separator has-alpha-channel-opacity\"\/>\n\n\n\n<p><\/p>\n\n\n\n<p><\/p>","protected":false},"excerpt":{"rendered":"<p>\ud83d\udcc4 Return Policy for Edi Gourmet Spice Effective Date: May 2025Applies to: All purchases made on edigourmetspice.com At Edi Gourmet Spice, we take pride in the quality of our spices and seasonings. However, if you&#8217;re not completely satisfied with your purchase, we accept returns under the conditions below. \ud83d\udce6 Return Window \ud83d\udeab Items Not Eligible [&hellip;]<\/p>\n","protected":false},"author":1,"featured_media":0,"parent":0,"menu_order":0,"comment_status":"closed","ping_status":"closed","template":"","meta":{"footnotes":""},"class_list":["post-23","page","type-page","status-publish","hentry"],"_links":{"self":[{"href":"https:\/\/edigourmetspice.com\/fr\/wp-json\/wp\/v2\/pages\/23","targetHints":{"allow":["GET"]}}],"collection":[{"href":"https:\/\/edigourmetspice.com\/fr\/wp-json\/wp\/v2\/pages"}],"about":[{"href":"https:\/\/edigourmetspice.com\/fr\/wp-json\/wp\/v2\/types\/page"}],"author":[{"embeddable":true,"href":"https:\/\/edigourmetspice.com\/fr\/wp-json\/wp\/v2\/users\/1"}],"replies":[{"embeddable":true,"href":"https:\/\/edigourmetspice.com\/fr\/wp-json\/wp\/v2\/comments?post=23"}],"version-history":[{"count":2,"href":"https:\/\/edigourmetspice.com\/fr\/wp-json\/wp\/v2\/pages\/23\/revisions"}],"predecessor-version":[{"id":467,"href":"https:\/\/edigourmetspice.com\/fr\/wp-json\/wp\/v2\/pages\/23\/revisions\/467"}],"wp:attachment":[{"href":"https:\/\/edigourmetspice.com\/fr\/wp-json\/wp\/v2\/media?parent=23"}],"curies":[{"name":"wp","href":"https:\/\/api.w.org\/{rel}","templated":true}]}}